{"id":334751753,"date":"2024-05-27T19:17:51","date_gmt":"2024-05-27T13:47:51","guid":{"rendered":"https:\/\/www.smackcoders.com\/product\/correos-electronicos-de-seguimiento-de-wp"},"modified":"2025-02-13T18:44:34","modified_gmt":"2025-02-13T13:14:34","slug":"correos-electronicos-de-seguimiento-de-wp","status":"publish","type":"product","link":"https:\/\/www.smackcoders.com\/es\/correos-electronicos-de-seguimiento-de-wp.html","title":{"rendered":"Correos electr\u00f3nicos de seguimiento de WP"},"content":{"rendered":"\r\n\r\nConvierta a sus clientes puntuales en compradores frecuentes y leales con seguimientos automatizados efectivos por correo electr\u00f3nico. WP Follow Up Emails te permite mantenerte comprometido con tus clientes, manteniendo tu marca en la mente. Le permite enviar seguimientos por correo electr\u00f3nico basados en las acciones de los clientes en su tienda o sitio web, lo que lo ayuda a mantenerse en contacto con los clientes y aumentar las conversiones de ventas.\r\n\r\n \r\n<ul class=\"wp-block-list\">\r\n \t<li>Cree secuencias de correo electr\u00f3nico automatizadas para clientes que han realizado nuevas compras, carritos abandonados, formularios enviados, etc.<\/li>\r\n \r\n \t<li>Personaliza los correos electr\u00f3nicos con etiquetas din\u00e1micas como el nombre del cliente, los detalles del pedido, el nombre del sitio y mucho m\u00e1s.<\/li>\r\n \r\n \t<li>Edita f\u00e1cilmente las plantillas predise\u00f1adas para que se ajusten a la voz de tu marca.<\/li>\r\n \r\n \t<li>Gestiona m\u00faltiples plantillas dentro de WordPress y act\u00edvalas o desact\u00edvalas en cualquier momento.<\/li>\r\n \r\n \t<li>Env\u00ede correos electr\u00f3nicos de prueba y verifique el contenido del correo electr\u00f3nico antes de entregarlo a las bandejas de entrada de los clientes.<\/li>\r\n \r\n \t<li>Revise todos los correos electr\u00f3nicos con registros, incluidos los estados, y vea qu\u00e9 plantillas se activan m\u00e1s.<\/li>\r\n \r\n \t<li>Establezca activadores de correo flexibles para enviar correos electr\u00f3nicos despu\u00e9s de un n\u00famero espec\u00edfico de minutos, horas o d\u00edas.<\/li>\r\n \r\n \t<li>Compatible con WooCommerce y creadores de formularios como Gravity Forms, Ninja Forms, Formidable Forms y WPForms.<\/li>\r\n<\/ul>\r\n","protected":false},"excerpt":{"rendered":"<p>Convierta a sus clientes puntuales en compradores frecuentes y leales con seguimientos automatizados efectivos por correo electr\u00f3nico. WP Follow Up Emails te permite mantenerte comprometido con tus clientes, manteniendo tu marca en la mente. Le permite enviar seguimientos por correo electr\u00f3nico basados en las acciones de los clientes en su tienda o sitio web, lo [&hellip;]<\/p>\n","protected":false},"featured_media":334751341,"comment_status":"closed","ping_status":"closed","template":"","meta":{"_acf_changed":false,"_monsterinsights_skip_tracking":false,"_monsterinsights_sitenote_active":false,"_monsterinsights_sitenote_note":"","_monsterinsights_sitenote_category":0},"product_brand":[],"product_cat":[2696],"product_tag":[],"class_list":{"0":"post-334751753","1":"product","2":"type-product","3":"status-publish","4":"has-post-thumbnail","6":"product_cat-wordpress-pro-es","8":"first","9":"instock","10":"downloadable","11":"virtual","12":"purchasable","13":"product-type-simple"},"acf":[],"_links":{"self":[{"href":"https:\/\/www.smackcoders.com\/es\/wp-json\/wp\/v2\/product\/334751753","targetHints":{"allow":["GET"]}}],"collection":[{"href":"https:\/\/www.smackcoders.com\/es\/wp-json\/wp\/v2\/product"}],"about":[{"href":"https:\/\/www.smackcoders.com\/es\/wp-json\/wp\/v2\/types\/product"}],"replies":[{"embeddable":true,"href":"https:\/\/www.smackcoders.com\/es\/wp-json\/wp\/v2\/comments?post=334751753"}],"version-history":[{"count":3,"href":"https:\/\/www.smackcoders.com\/es\/wp-json\/wp\/v2\/product\/334751753\/revisions"}],"predecessor-version":[{"id":334767581,"href":"https:\/\/www.smackcoders.com\/es\/wp-json\/wp\/v2\/product\/334751753\/revisions\/334767581"}],"wp:featuredmedia":[{"embeddable":true,"href":"https:\/\/www.smackcoders.com\/es\/wp-json\/wp\/v2\/media\/334751341"}],"wp:attachment":[{"href":"https:\/\/www.smackcoders.com\/es\/wp-json\/wp\/v2\/media?parent=334751753"}],"wp:term":[{"taxonomy":"product_brand","embeddable":true,"href":"https:\/\/www.smackcoders.com\/es\/wp-json\/wp\/v2\/product_brand?post=334751753"},{"taxonomy":"product_cat","embeddable":true,"href":"https:\/\/www.smackcoders.com\/es\/wp-json\/wp\/v2\/product_cat?post=334751753"},{"taxonomy":"product_tag","embeddable":true,"href":"https:\/\/www.smackcoders.com\/es\/wp-json\/wp\/v2\/product_tag?post=334751753"}],"curies":[{"name":"wp","href":"https:\/\/api.w.org\/{rel}","templated":true}]}}