{"id":334751752,"date":"2024-05-27T17:07:54","date_gmt":"2024-05-27T11:37:54","guid":{"rendered":"https:\/\/www.smackcoders.com\/product\/administrador-facil-de-inventario-y-stock-para-woocommerce"},"modified":"2024-08-16T15:34:07","modified_gmt":"2024-08-16T10:04:07","slug":"administrador-facil-de-inventario-y-stock-para-woocommerce","status":"publish","type":"product","link":"https:\/\/www.smackcoders.com\/es\/administrador-facil-de-inventario-y-stock-para-woocommerce.html","title":{"rendered":"Administrador f\u00e1cil de inventario y stock para WooCommerce"},"content":{"rendered":"<p>&nbsp;<\/p>\n<p>Easy inventory and Stock Manager es un plugin de Woocommerce potente e intuitivo para una gesti\u00f3n eficiente del inventario. Con este complemento, puede tomar el control completo de su almac\u00e9n y puede realizar un seguimiento de los niveles de existencias, editar precios en masa o actualizar los datos del producto. Ahorra tiempo, reduce errores y mejora la gesti\u00f3n del inventario. Nuestro complemento es ideal para los propietarios de existencias que pueden administrar f\u00e1cilmente el inventario sin problemas y garantiza mantenerse al tanto del suministro y satisfacer a los clientes.<\/p>\n<ul>\n<li style=\"font-weight: 400;\" aria-level=\"1\"><span style=\"font-weight: 400;\">Ediciones r\u00e1pidas desde la vista de lista para actualizar SKU, precios y otra informaci\u00f3n al instante<\/span><\/li>\n<li style=\"font-weight: 400;\" aria-level=\"1\"><span style=\"font-weight: 400;\">Modifique varios productos como niveles de existencias, precios, etc\u00e9tera<\/span><\/li>\n<li style=\"font-weight: 400;\" aria-level=\"1\"><span style=\"font-weight: 400;\">Indicadores visuales claros para determinar r\u00e1pidamente En stock, stock bajo o agotado<\/span><\/li>\n<li style=\"font-weight: 400;\" aria-level=\"1\"><span style=\"font-weight: 400;\">Seguimiento f\u00e1cil y eficaz de todos los movimientos de stock que incluye la llegada de nuevas mercanc\u00edas y devoluciones.<\/span><\/li>\n<li style=\"font-weight: 400;\" aria-level=\"1\"><span style=\"font-weight: 400;\">La importaci\u00f3n\/exportaci\u00f3n inteligente de datos mediante archivos CSV facilitar\u00e1 el proceso de migraci\u00f3n de datos.<\/span><\/li>\n<li style=\"font-weight: 400;\" aria-level=\"1\"><span style=\"font-weight: 400;\">Acceso instant\u00e1neo a cualquier informaci\u00f3n de inventario en un panel de control centralizado.<\/span><\/li>\n<li style=\"font-weight: 400;\" aria-level=\"1\"><span style=\"font-weight: 400;\">Ahorre tiempo y reduzca los errores con el proceso simplificado y las im\u00e1genes claras<\/span><\/li>\n<li style=\"font-weight: 400;\" aria-level=\"1\"><span style=\"font-weight: 400;\">Lanzamientos consistentes con nuevas caracter\u00edsticas, como la compatibilidad con WPML e indicaciones visuales mejoradas.<\/span><\/li>\n<\/ul>\n","protected":false},"excerpt":{"rendered":"<p>&nbsp; Easy inventory and Stock Manager es un plugin de Woocommerce potente e intuitivo para una gesti\u00f3n eficiente del inventario. Con este complemento, puede tomar el control completo de su almac\u00e9n y puede realizar un seguimiento de los niveles de existencias, editar precios en masa o actualizar los datos del producto. Ahorra tiempo, reduce errores [&hellip;]<\/p>\n","protected":false},"featured_media":334751321,"comment_status":"closed","ping_status":"closed","template":"","meta":{"_acf_changed":false,"_monsterinsights_skip_tracking":false,"_monsterinsights_sitenote_active":false,"_monsterinsights_sitenote_note":"","_monsterinsights_sitenote_category":0},"product_brand":[],"product_cat":[2696],"product_tag":[],"class_list":{"0":"post-334751752","1":"product","2":"type-product","3":"status-publish","4":"has-post-thumbnail","6":"product_cat-wordpress-pro-es","8":"first","9":"instock","10":"downloadable","11":"virtual","12":"purchasable","13":"product-type-simple"},"acf":[],"_links":{"self":[{"href":"https:\/\/www.smackcoders.com\/es\/wp-json\/wp\/v2\/product\/334751752","targetHints":{"allow":["GET"]}}],"collection":[{"href":"https:\/\/www.smackcoders.com\/es\/wp-json\/wp\/v2\/product"}],"about":[{"href":"https:\/\/www.smackcoders.com\/es\/wp-json\/wp\/v2\/types\/product"}],"replies":[{"embeddable":true,"href":"https:\/\/www.smackcoders.com\/es\/wp-json\/wp\/v2\/comments?post=334751752"}],"version-history":[{"count":2,"href":"https:\/\/www.smackcoders.com\/es\/wp-json\/wp\/v2\/product\/334751752\/revisions"}],"predecessor-version":[{"id":334756685,"href":"https:\/\/www.smackcoders.com\/es\/wp-json\/wp\/v2\/product\/334751752\/revisions\/334756685"}],"wp:featuredmedia":[{"embeddable":true,"href":"https:\/\/www.smackcoders.com\/es\/wp-json\/wp\/v2\/media\/334751321"}],"wp:attachment":[{"href":"https:\/\/www.smackcoders.com\/es\/wp-json\/wp\/v2\/media?parent=334751752"}],"wp:term":[{"taxonomy":"product_brand","embeddable":true,"href":"https:\/\/www.smackcoders.com\/es\/wp-json\/wp\/v2\/product_brand?post=334751752"},{"taxonomy":"product_cat","embeddable":true,"href":"https:\/\/www.smackcoders.com\/es\/wp-json\/wp\/v2\/product_cat?post=334751752"},{"taxonomy":"product_tag","embeddable":true,"href":"https:\/\/www.smackcoders.com\/es\/wp-json\/wp\/v2\/product_tag?post=334751752"}],"curies":[{"name":"wp","href":"https:\/\/api.w.org\/{rel}","templated":true}]}}