{"id":334752097,"date":"2023-10-17T10:58:13","date_gmt":"2023-10-17T05:28:13","guid":{"rendered":"https:\/\/www.smackcoders.com\/terminos-y-condiciones"},"modified":"2024-07-29T15:41:56","modified_gmt":"2024-07-29T10:11:56","slug":"terminos-y-condiciones","status":"publish","type":"page","link":"https:\/\/www.smackcoders.com\/es\/terminos-y-condiciones.html","title":{"rendered":"T\u00e9rminos y condiciones"},"content":{"rendered":"\t\t<div data-elementor-type=\"wp-page\" data-elementor-id=\"334752097\" class=\"elementor elementor-334752097 elementor-27980\" data-elementor-settings=\"{&quot;ha_cmc_init_switcher&quot;:&quot;no&quot;}\" data-elementor-post-type=\"page\">\n\t\t\t\t\t\t<section class=\"elementor-section elementor-top-section elementor-element elementor-element-64030df9 elementor-section-boxed elementor-section-height-default elementor-section-height-default\" data-id=\"64030df9\" data-element_type=\"section\" data-e-type=\"section\">\n\t\t\t\t\t\t<div class=\"elementor-container elementor-column-gap-default\">\n\t\t\t\t\t<div class=\"elementor-column elementor-col-100 elementor-top-column elementor-element elementor-element-581b3ace\" data-id=\"581b3ace\" data-element_type=\"column\" data-e-type=\"column\">\n\t\t\t<div class=\"elementor-widget-wrap elementor-element-populated\">\n\t\t\t\t\t\t<div data-dce-advanced-background-color=\"#FFFFFF\" class=\"elementor-element elementor-element-68d6678a dce_masking-none elementor-vertical-align-top elementor-widget elementor-widget-image-box\" data-id=\"68d6678a\" data-element_type=\"widget\" data-e-type=\"widget\" data-widget_type=\"image-box.default\">\n\t\t\t\t<div class=\"elementor-widget-container\">\n\t\t\t\t\t<div class=\"elementor-image-box-wrapper\"><div class=\"elementor-image-box-content\"><h1 class=\"elementor-image-box-title\">T\u00e9rminos y condiciones<\/h1><p class=\"elementor-image-box-description\">Este acuerdo (\"T&eacute;rminos y Condiciones\") es un contrato legal entre usted o la entidad que representa (\"Usted\") y Smackcoders. Rige la descarga y compra de productos y servicios de nuestro sitio web.\n<br><br>\n<b>NOTA<\/b>: Todos los Productos y dominios no est&aacute;n afiliados de ninguna manera con las marcas comerciales Vtiger CRM, WordPress, MailChimp, Google o Magento.\n<br><br>\nTENGA EN CUENTA QUE DESCARGA EL PRODUCTO DE SOFTWARE ACEPTANDO LOS T&Eacute;RMINOS DE VENTA Y LOS T&Eacute;RMINOS Y CONDICIONES DEL ACUERDO DE LICENCIA DE USUARIO FINAL QUE SE PROPORCIONAN A CONTINUACI&Oacute;N. SI NO EST&Aacute; DE ACUERDO CON LOS T&Eacute;RMINOS DE VENTA O LOS T&Eacute;RMINOS DEL ACUERDO DE LICENCIA DE USUARIO FINAL, SALGA DEL SITIO WEB SIN CONTINUAR CON EL PROCESO DE PEDIDO Y\/O DESCARGA.\n\n<\/p><\/div><\/div>\t\t\t\t<\/div>\n\t\t\t\t<\/div>\n\t\t\t\t<div class=\"elementor-element elementor-element-14225249 elementor-widget elementor-widget-heading\" data-id=\"14225249\" data-element_type=\"widget\" data-e-type=\"widget\" data-widget_type=\"heading.default\">\n\t\t\t\t<div class=\"elementor-widget-container\">\n\t\t\t\t\t<h2 class=\"elementor-heading-title elementor-size-default\">Contrato de licencia de usuario final<\/h2>\t\t\t\t<\/div>\n\t\t\t\t<\/div>\n\t\t\t\t<div data-dce-advanced-background-color=\"#FFFFFF\" class=\"elementor-element elementor-element-76ddbb33 dce_masking-none elementor-vertical-align-top elementor-widget elementor-widget-image-box\" data-id=\"76ddbb33\" data-element_type=\"widget\" data-e-type=\"widget\" data-widget_type=\"image-box.default\">\n\t\t\t\t<div class=\"elementor-widget-container\">\n\t\t\t\t\t<div class=\"elementor-image-box-wrapper\"><div class=\"elementor-image-box-content\"><h3 class=\"elementor-image-box-title\">USO DE LA EVALUACI\u00d3N:<\/h3><p class=\"elementor-image-box-description\">Smackcoders otorga (para productos seleccionados) una licencia de evaluaci&oacute;n intransferible para su dominio durante 15 d&iacute;as (seg&uacute;n los t&eacute;rminos del producto) a partir de la fecha de descarga del Software. Esta licencia comenzar&aacute; con la descarga y finalizar&aacute; 15 d&iacute;as despu&eacute;s (\"Per&iacute;odo de evaluaci&oacute;n\").\n<br><br>\nSi no est&aacute; dispuesto a actualizar el Software con licencia despu&eacute;s del Per&iacute;odo de evaluaci&oacute;n, elimine todas las copias del software instalado en su computadora y servidores con efecto inmediato. Est&aacute; prohibido utilizar el Software con licencia para otros usos.\n<\/p><\/div><\/div>\t\t\t\t<\/div>\n\t\t\t\t<\/div>\n\t\t\t\t<div data-dce-advanced-background-color=\"#FFFFFF\" class=\"elementor-element elementor-element-73e4d0f3 dce_masking-none elementor-vertical-align-top elementor-widget elementor-widget-image-box\" data-id=\"73e4d0f3\" data-element_type=\"widget\" data-e-type=\"widget\" data-widget_type=\"image-box.default\">\n\t\t\t\t<div class=\"elementor-widget-container\">\n\t\t\t\t\t<div class=\"elementor-image-box-wrapper\"><div class=\"elementor-image-box-content\"><h3 class=\"elementor-image-box-title\">USO COMERCIAL:<\/h3><p class=\"elementor-image-box-description\">Los productos de Smackcoders tienen un modelo de licencia perpetua. Smackcoders le otorga una licencia intransferible y no exclusiva para usar el Software con licencia, as\u00ed como la documentaci\u00f3n, actualizaciones y mejoras del software. Pocos de nuestros productos se pueden usar en m\u00faltiples instancias, mientras que la mayor\u00eda de ellos est\u00e1n restringidos para ser utilizados solo en una sola instancia.<\/p><\/div><\/div>\t\t\t\t<\/div>\n\t\t\t\t<\/div>\n\t\t\t\t<div class=\"elementor-element elementor-element-07f497b elementor-widget elementor-widget-heading\" data-id=\"07f497b\" data-element_type=\"widget\" data-e-type=\"widget\" data-widget_type=\"heading.default\">\n\t\t\t\t<div class=\"elementor-widget-container\">\n\t\t\t\t\t<h3 class=\"elementor-heading-title elementor-size-default\">Uso Autorizado de las Marcas Registradas de Smackcoders\n<\/h3>\t\t\t\t<\/div>\n\t\t\t\t<\/div>\n\t\t\t\t<div data-dce-advanced-background-color=\"#FFFFFF\" class=\"elementor-element elementor-element-105d291b elementor-widget elementor-widget-text-editor\" data-id=\"105d291b\" data-element_type=\"widget\" data-e-type=\"widget\" data-widget_type=\"text-editor.default\">\n\t\t\t\t<div class=\"elementor-widget-container\">\n\t\t\t\t\t\t\t\t\t\n<h3><b>Cualquier logotipo o gr&aacute;fico de Smackcoders solo se utilizar&aacute; junto con los productos y servicios de Smackcoders. Los revendedores o socios que han acordado legalmente nuestro acuerdo de revendedor pueden utilizar las marcas comerciales de Smackcoders autorizadas por Smackcoders.<\/b><\/h3><p><span style=\"font-weight: 400;\">Sin el consentimiento previo por escrito de Smackcoders, no se puede utilizar el logotipo, los gr&aacute;ficos o el contenido de Smackcoders para promocionar ning&uacute;n producto o servicio.<\/span><\/p><p><span style=\"font-weight: 400;\">Smackcoders se reserva el derecho de revocar dicha autorizaci&oacute;n en cualquier momento a su entera discreci&oacute;n, como cuando el uso de las marcas comerciales no se ajusta estrictamente a nuestros T&eacute;rminos de Uso con autorizaci&oacute;n por escrito de Smackcoders.<\/span><\/p><p><span style=\"font-weight: 400;\">Los Revendedores, Socios o Terceros pueden usar las marcas comerciales de Smackcoders,&nbsp;<\/span><\/p><ul><li>Es solo referencial<\/li><li><span style=\"font-weight: 400;\">no debe utilizar el logotipo o los gr&aacute;ficos de Smackcoders como marca comercial<\/span><\/li><\/ul>\n\t\t\t\t\t\t\t\t<\/div>\n\t\t\t\t<\/div>\n\t\t\t\t<div data-dce-advanced-background-color=\"#FFFFFF\" class=\"elementor-element elementor-element-6f0df56f elementor-widget elementor-widget-text-editor\" data-id=\"6f0df56f\" data-element_type=\"widget\" data-e-type=\"widget\" data-widget_type=\"text-editor.default\">\n\t\t\t\t<div class=\"elementor-widget-container\">\n\t\t\t\t\t\t\t\t\t\n<h4><span style=\"color: #000000;\">RESTRICCI&Oacute;N DE USO:<\/span><\/h4><p><span style=\"font-weight: 400;\">Adem&aacute;s de todos los t&eacute;rminos, usted no deber&aacute;:<\/span><\/p><ul><li style=\"font-weight: 400;\" aria-level=\"1\"><span style=\"font-weight: 400;\">eliminar cualquiera de los avisos de derechos de autor, marcas comerciales u otros avisos de propiedad del Software con licencia de sus copias.<\/span><\/li><li style=\"font-weight: 400;\" aria-level=\"1\"><span style=\"font-weight: 400;\">Haga todas las copias, excepto para hacer copias de seguridad con fines de emergencia.<\/span><\/li><li style=\"font-weight: 400;\" aria-level=\"1\"><span style=\"font-weight: 400;\">realizar ingenier&iacute;a inversa, descompilar el Software con licencia.<\/span><\/li><li style=\"font-weight: 400;\" aria-level=\"1\"><span style=\"font-weight: 400;\">permitir que cualquier tercero acceda, use o brinde soporte al Software con licencia<\/span><\/li><li style=\"font-weight: 400;\" aria-level=\"1\"><span style=\"font-weight: 400;\">alquilarlo, arrendarlo, sublicenciarlo o distribuirlo a menos que Smackcoders le haya otorgado permiso por escrito,<\/span><\/li><li style=\"font-weight: 400;\" aria-level=\"1\"><span style=\"font-weight: 400;\">modificar o mejorar el software con licencia a menos que se le haya otorgado permiso por escrito por parte de Smackcoders<\/span><\/li><\/ul>\n\t\t\t\t\t\t\t\t<\/div>\n\t\t\t\t<\/div>\n\t\t\t\t<div data-dce-advanced-background-color=\"#FFFFFF\" class=\"elementor-element elementor-element-842d1bc dce_masking-none elementor-vertical-align-top elementor-widget elementor-widget-image-box\" data-id=\"842d1bc\" data-element_type=\"widget\" data-e-type=\"widget\" data-widget_type=\"image-box.default\">\n\t\t\t\t<div class=\"elementor-widget-container\">\n\t\t\t\t\t<div class=\"elementor-image-box-wrapper\"><div class=\"elementor-image-box-content\"><h3 class=\"elementor-image-box-title\">Derechos de participaci\u00f3n<\/h3><p class=\"elementor-image-box-description\">La reventa de productos de Smackcoders sin derechos expl\u00edcitos est\u00e1 estrictamente prohibida. Cualquier violaci\u00f3n resultar\u00e1 en la cancelaci\u00f3n de su elegibilidad para el reembolso, y ser\u00e1 incluido en la lista negra de futuras transacciones. Garantizar el cumplimiento para mantener una colaboraci\u00f3n positiva.\n<\/p><\/div><\/div>\t\t\t\t<\/div>\n\t\t\t\t<\/div>\n\t\t\t\t<div data-dce-advanced-background-color=\"#FFFFFF\" class=\"elementor-element elementor-element-73936da dce_masking-none elementor-vertical-align-top elementor-widget elementor-widget-image-box\" data-id=\"73936da\" data-element_type=\"widget\" data-e-type=\"widget\" data-widget_type=\"image-box.default\">\n\t\t\t\t<div class=\"elementor-widget-container\">\n\t\t\t\t\t<div class=\"elementor-image-box-wrapper\"><div class=\"elementor-image-box-content\"><h3 class=\"elementor-image-box-title\">SOPORTE Y ACTUALIZACI\u00d3N<\/h3><p class=\"elementor-image-box-description\">En Smackcoders estamos muy comprometidos con el \u00e9xito de nuestros clientes. Ofrecemos soporte y actualizaciones gratuitas de por vida para todos los productos de WordPress y soporte y actualizaciones de productos gratuitos de 1 a\u00f1o para todos los dem\u00e1s productos y trabajos de marca. Para obtener el \u00faltimo producto actualizado y soporte, debe pagar el 20% del precio del producto en el a\u00f1o. Tenemos soporte 24 x 5 con un tiempo de respuesta de 8 a 24 horas y un tiempo de resoluci\u00f3n de 12 a 48 horas. Podemos ayudarle a resolver los problemas de nuestros productos. Sin embargo, no podemos trabajar para que usted resuelva los problemas que surjan debido al conflicto con el entorno o cualquier software de terceros. Pero siempre estaremos encantados de orientarle en cuestiones relacionadas con su entorno que est\u00e9n m\u00e1s all\u00e1 del alcance del Producto.\n<\/p><\/div><\/div>\t\t\t\t<\/div>\n\t\t\t\t<\/div>\n\t\t\t\t<div data-dce-advanced-background-color=\"#FFFFFF\" class=\"elementor-element elementor-element-476650bc dce_masking-none elementor-vertical-align-top elementor-widget elementor-widget-image-box\" data-id=\"476650bc\" data-element_type=\"widget\" data-e-type=\"widget\" data-widget_type=\"image-box.default\">\n\t\t\t\t<div class=\"elementor-widget-container\">\n\t\t\t\t\t<div class=\"elementor-image-box-wrapper\"><div class=\"elementor-image-box-content\"><h3 class=\"elementor-image-box-title\">TITULARIDAD Y PROPIEDAD INTELECTUAL:<\/h3><p class=\"elementor-image-box-description\">Smackcoders posee todos los derechos, t\u00edtulos e intereses sobre el Software Licenciado. Smackcoders se reserva expresamente todos los derechos no otorgados a usted en este documento, sin perjuicio del derecho de descontinuar o no publicar cualquier Software con Licencia y de alterar los precios, caracter\u00edsticas, especificaciones, capacidades, funciones, t\u00e9rminos de licencia, fechas de lanzamiento, disponibilidad general o caracter\u00edsticas del Software con Licencia. El Software con licencia solo se licencia y no se le vende a usted.\n<\/p><\/div><\/div>\t\t\t\t<\/div>\n\t\t\t\t<\/div>\n\t\t\t\t<div data-dce-advanced-background-color=\"#FFFFFF\" class=\"elementor-element elementor-element-70fac093 dce_masking-none elementor-vertical-align-top elementor-widget elementor-widget-image-box\" data-id=\"70fac093\" data-element_type=\"widget\" data-e-type=\"widget\" data-widget_type=\"image-box.default\">\n\t\t\t\t<div class=\"elementor-widget-container\">\n\t\t\t\t\t<div class=\"elementor-image-box-wrapper\"><div class=\"elementor-image-box-content\"><h3 class=\"elementor-image-box-title\">AUDITOR\u00cdA:<\/h3><p class=\"elementor-image-box-description\">Smackcoders tiene el derecho de auditar su Uso del Software Licenciado proporcionando al menos siete (7) d\u00edas de anticipaci\u00f3n por escrito su intenci\u00f3n de llevar a cabo dicha auditor\u00eda en sus instalaciones durante el horario comercial normal.<\/p><\/div><\/div>\t\t\t\t<\/div>\n\t\t\t\t<\/div>\n\t\t\t\t<div data-dce-advanced-background-color=\"#FFFFFF\" class=\"elementor-element elementor-element-38fcca98 dce_masking-none elementor-vertical-align-top elementor-widget elementor-widget-image-box\" data-id=\"38fcca98\" data-element_type=\"widget\" data-e-type=\"widget\" data-widget_type=\"image-box.default\">\n\t\t\t\t<div class=\"elementor-widget-container\">\n\t\t\t\t\t<div class=\"elementor-image-box-wrapper\"><div class=\"elementor-image-box-content\"><h3 class=\"elementor-image-box-title\">CONFIDENCIALIDAD:<\/h3><p class=\"elementor-image-box-description\">El Software Licenciado contiene informaci\u00f3n propiedad de Smackcoders y por la presente aceptas hacer todos los esfuerzos razonables para mantener la confidencialidad del Software Licenciado. Usted se compromete a comunicar razonablemente los t\u00e9rminos y condiciones de este Acuerdo a las personas empleadas por usted que entren en contacto con el Software con licencia o accedan a \u00e9l, y a realizar todos los esfuerzos razonables para garantizar su cumplimiento de dichos t\u00e9rminos y condiciones, incluidos, entre otros, no permitir a sabiendas que dichas personas utilicen cualquier parte del Software con licencia para un prop\u00f3sito que no est\u00e9 permitido en virtud de este Acuerdo.<\/p><\/div><\/div>\t\t\t\t<\/div>\n\t\t\t\t<\/div>\n\t\t\t\t<div data-dce-advanced-background-color=\"#FFFFFF\" class=\"elementor-element elementor-element-21bc0da6 dce_masking-none elementor-vertical-align-top elementor-widget elementor-widget-image-box\" data-id=\"21bc0da6\" data-element_type=\"widget\" data-e-type=\"widget\" data-widget_type=\"image-box.default\">\n\t\t\t\t<div class=\"elementor-widget-container\">\n\t\t\t\t\t<div class=\"elementor-image-box-wrapper\"><div class=\"elementor-image-box-content\"><h3 class=\"elementor-image-box-title\">RENUNCIA DE GARANT\u00cdA:<\/h3><p class=\"elementor-image-box-description\">Smackcoders no garantiza que el Software Licenciado est\u00e9 libre de errores. A excepci\u00f3n de lo dispuesto en el presente documento, el Software con licencia se proporciona \"tal cual\" sin garant\u00eda de ning\u00fan tipo, incluidas las garant\u00edas de comerciabilidad e idoneidad para un prop\u00f3sito particular y sin garant\u00eda en cuanto al rendimiento o los resultados que pueda obtener al utilizar el Software con licencia. Usted es el \u00fanico responsable de determinar la idoneidad del uso del Software con licencia y asume todos los riesgos asociados con el uso del mismo, incluidos, entre otros, los riesgos de errores de programa, da\u00f1o o p\u00e9rdida de datos, programas o equipos, y falta de disponibilidad o interrupci\u00f3n de las operaciones.<\/p><\/div><\/div>\t\t\t\t<\/div>\n\t\t\t\t<\/div>\n\t\t\t\t<div data-dce-advanced-background-color=\"#FFFFFF\" class=\"elementor-element elementor-element-750c02b1 dce_masking-none elementor-vertical-align-top elementor-widget elementor-widget-image-box\" data-id=\"750c02b1\" data-element_type=\"widget\" data-e-type=\"widget\" data-widget_type=\"image-box.default\">\n\t\t\t\t<div class=\"elementor-widget-container\">\n\t\t\t\t\t<div class=\"elementor-image-box-wrapper\"><div class=\"elementor-image-box-content\"><h3 class=\"elementor-image-box-title\">LIMITACI\u00d3N DE RESPONSABILIDAD:<\/h3><p class=\"elementor-image-box-description\">En ning\u00fan caso Smackcoders ser\u00e1 responsable ante usted o cualquier tercero por da\u00f1os especiales, incidentales, indirectos, punitivos, ejemplares o consecuentes, o da\u00f1os por p\u00e9rdida de negocios, p\u00e9rdida de ganancias, interrupci\u00f3n de negocios o p\u00e9rdida de informaci\u00f3n comercial que surja del uso o incapacidad de usar el programa o por cualquier reclamo de cualquier otra parte, incluso si Smackcoders ha sido advertido de la posibilidad de tales da\u00f1os. La responsabilidad total de Smackcoders con respecto a sus obligaciones en virtud de este acuerdo o de otra manera con respecto al Software Licenciado no exceder\u00e1 el monto de la tarifa de licencia pagada por usted por el Software Licenciado.\n<\/p><\/div><\/div>\t\t\t\t<\/div>\n\t\t\t\t<\/div>\n\t\t\t\t<div data-dce-advanced-background-color=\"#FFFFFF\" class=\"elementor-element elementor-element-4e26db8 dce_masking-none elementor-vertical-align-top elementor-widget elementor-widget-image-box\" data-id=\"4e26db8\" data-element_type=\"widget\" data-e-type=\"widget\" data-widget_type=\"image-box.default\">\n\t\t\t\t<div class=\"elementor-widget-container\">\n\t\t\t\t\t<div class=\"elementor-image-box-wrapper\"><div class=\"elementor-image-box-content\"><h3 class=\"elementor-image-box-title\">TERMINACI\u00d3N DE USO:<\/h3><p class=\"elementor-image-box-description\">Este Acuerdo estar\u00e1 en vigor hasta que sea rescindido por cualquiera de las partes. Usted puede terminar este Acuerdo en cualquier momento destruyendo o devolviendo a Smackcoders todas las copias del Software Licenciado en su posesi\u00f3n. Smackcoders puede rescindir este Acuerdo por cualquier motivo, incluyendo pero no limitado a su incumplimiento de cualquiera de los t\u00e9rminos de este Acuerdo. Tras la terminaci\u00f3n, deber\u00e1 destruir o devolver a Smackcoders todas las copias del Software con licencia y certificar por escrito que todas las copias conocidas han sido destruidas. Todas las disposiciones relacionadas con la confidencialidad, los derechos de propiedad, la no divulgaci\u00f3n y la limitaci\u00f3n de responsabilidad sobrevivir\u00e1n a la terminaci\u00f3n de este Acuerdo.<\/p><\/div><\/div>\t\t\t\t<\/div>\n\t\t\t\t<\/div>\n\t\t\t\t<div data-dce-advanced-background-color=\"#FFFFFF\" class=\"elementor-element elementor-element-3aeadac0 dce_masking-none elementor-vertical-align-top elementor-widget elementor-widget-image-box\" data-id=\"3aeadac0\" data-element_type=\"widget\" data-e-type=\"widget\" data-widget_type=\"image-box.default\">\n\t\t\t\t<div class=\"elementor-widget-container\">\n\t\t\t\t\t<div class=\"elementor-image-box-wrapper\"><div class=\"elementor-image-box-content\"><h3 class=\"elementor-image-box-title\">INDEMNIZACIONES:<\/h3><p class=\"elementor-image-box-description\">Si cualquier tribunal de jurisdicci\u00f3n competente determina que alguno de estos T\u00e9rminos y Condiciones es inv\u00e1lido, ilegal o inaplicable por cualquier motivo, dicho T\u00e9rminos o Condiciones se separar\u00e1n y los T\u00e9rminos y Condiciones restantes sobrevivir\u00e1n y permanecer\u00e1n en pleno vigor y efecto y continuar\u00e1n siendo vinculantes y aplicables.<\/p><\/div><\/div>\t\t\t\t<\/div>\n\t\t\t\t<\/div>\n\t\t\t\t<div data-dce-advanced-background-color=\"#FFFFFF\" class=\"elementor-element elementor-element-19ceb31e elementor-widget elementor-widget-text-editor\" data-id=\"19ceb31e\" data-element_type=\"widget\" data-e-type=\"widget\" data-widget_type=\"text-editor.default\">\n\t\t\t\t<div class=\"elementor-widget-container\">\n\t\t\t\t\t\t\t\t\t\n<p><span style=\"font-weight: 400;\">Para saber m&aacute;s, visite uno de nuestros enlaces a continuaci&oacute;n<\/span><\/p><ul><li><span style=\"color: #000000;\"><a style=\"color: #000000;\" href=\"https:\/\/www.smackcoders.com\/about-us.html\">Sobre nosotros en detalle<\/a><\/span><\/li><li><span style=\"color: #000000;\"><a style=\"color: #000000;\" href=\"https:\/\/www.smackcoders.com\/blog.html\">Blog para las &uacute;ltimas noticias<\/a><\/span><\/li><li><span style=\"color: #000000;\"><a style=\"color: #000000;\" href=\"https:\/\/www.smackcoders.com\/cart.html\">Visite el carrito para pagar<\/a><\/span><\/li><li><span style=\"color: #000000;\"><a style=\"color: #000000;\" href=\"https:\/\/www.smackcoders.com\/login.html\">Inicie sesi&oacute;n para acceder a Mis cuentas&nbsp;<\/a><\/span><\/li><li><span style=\"color: #000000;\"><a style=\"color: #000000;\" href=\"https:\/\/www.smackcoders.com\/documentation.html\">Para la documentaci&oacute;n de los productos comprados<\/a><\/span><\/li><\/ul>\n\t\t\t\t\t\t\t\t<\/div>\n\t\t\t\t<\/div>\n\t\t\t\t\t<\/div>\n\t\t<\/div>\n\t\t\t\t\t<\/div>\n\t\t<\/section>\n\t\t\t\t<\/div>\n\t\t","protected":false},"excerpt":{"rendered":"<p>T\u00e9rminos y condiciones Este acuerdo (\u00abT&eacute;rminos y Condiciones\u00bb) es un contrato legal entre usted o la entidad que representa (\u00abUsted\u00bb) y Smackcoders. Rige la descarga y compra de productos y servicios de nuestro sitio web. NOTA: Todos los Productos y dominios no est&aacute;n afiliados de ninguna manera con las marcas comerciales Vtiger CRM, WordPress, MailChimp, [&hellip;]<\/p>\n","protected":false},"author":1,"featured_media":0,"parent":0,"menu_order":0,"comment_status":"closed","ping_status":"closed","template":"","meta":{"_acf_changed":false,"_monsterinsights_skip_tracking":false,"_monsterinsights_sitenote_active":false,"_monsterinsights_sitenote_note":"","_monsterinsights_sitenote_category":0,"footnotes":""},"custom_category":[],"class_list":["post-334752097","page","type-page","status-publish","hentry"],"acf":[],"_links":{"self":[{"href":"https:\/\/www.smackcoders.com\/es\/wp-json\/wp\/v2\/pages\/334752097","targetHints":{"allow":["GET"]}}],"collection":[{"href":"https:\/\/www.smackcoders.com\/es\/wp-json\/wp\/v2\/pages"}],"about":[{"href":"https:\/\/www.smackcoders.com\/es\/wp-json\/wp\/v2\/types\/page"}],"author":[{"embeddable":true,"href":"https:\/\/www.smackcoders.com\/es\/wp-json\/wp\/v2\/users\/1"}],"replies":[{"embeddable":true,"href":"https:\/\/www.smackcoders.com\/es\/wp-json\/wp\/v2\/comments?post=334752097"}],"version-history":[{"count":4,"href":"https:\/\/www.smackcoders.com\/es\/wp-json\/wp\/v2\/pages\/334752097\/revisions"}],"predecessor-version":[{"id":334753660,"href":"https:\/\/www.smackcoders.com\/es\/wp-json\/wp\/v2\/pages\/334752097\/revisions\/334753660"}],"wp:attachment":[{"href":"https:\/\/www.smackcoders.com\/es\/wp-json\/wp\/v2\/media?parent=334752097"}],"wp:term":[{"taxonomy":"custom_category","embeddable":true,"href":"https:\/\/www.smackcoders.com\/es\/wp-json\/wp\/v2\/custom_category?post=334752097"}],"curies":[{"name":"wp","href":"https:\/\/api.w.org\/{rel}","templated":true}]}}