{"id":334752096,"date":"2023-10-17T10:32:44","date_gmt":"2023-10-17T05:02:44","guid":{"rendered":"https:\/\/www.smackcoders.com\/atencion-al-cliente-smackcoders"},"modified":"2025-06-04T12:55:53","modified_gmt":"2025-06-04T07:25:53","slug":"atencion-al-cliente-smackcoders","status":"publish","type":"page","link":"https:\/\/www.smackcoders.com\/es\/atencion-al-cliente-smackcoders.html","title":{"rendered":"Atenci\u00f3n al cliente &#8211; Smackcoders"},"content":{"rendered":"\t\t<div data-elementor-type=\"wp-page\" data-elementor-id=\"334752096\" class=\"elementor elementor-334752096 elementor-26556\" data-elementor-settings=\"{&quot;ha_cmc_init_switcher&quot;:&quot;no&quot;}\" data-elementor-post-type=\"page\">\n\t\t\t\t\t\t<section data-dce-background-color=\"#0700dd\" data-dce-background-overlay-image-url=\"https:\/\/www.smackcoders.com\/wp-content\/plugins\/elementor\/assets\/images\/placeholder.png\" class=\"elementor-section elementor-top-section elementor-element elementor-element-6efd2474 elementor-section-height-min-height elementor-section-boxed elementor-section-height-default elementor-section-items-middle\" data-id=\"6efd2474\" data-element_type=\"section\" data-e-type=\"section\" data-settings=\"{&quot;background_background&quot;:&quot;gradient&quot;,&quot;shape_divider_bottom&quot;:&quot;waves&quot;}\">\n\t\t\t\t\t\t\t<div class=\"elementor-background-overlay\"><\/div>\n\t\t\t\t\t\t<div class=\"elementor-shape elementor-shape-bottom\" aria-hidden=\"true\" data-negative=\"false\">\n\t\t\t<svg xmlns=\"http:\/\/www.w3.org\/2000\/svg\" viewBox=\"0 0 1000 100\" preserveAspectRatio=\"none\">\n\t<path class=\"elementor-shape-fill\" d=\"M421.9,6.5c22.6-2.5,51.5,0.4,75.5,5.3c23.6,4.9,70.9,23.5,100.5,35.7c75.8,32.2,133.7,44.5,192.6,49.7\n\tc23.6,2.1,48.7,3.5,103.4-2.5c54.7-6,106.2-25.6,106.2-25.6V0H0v30.3c0,0,72,32.6,158.4,30.5c39.2-0.7,92.8-6.7,134-22.4\n\tc21.2-8.1,52.2-18.2,79.7-24.2C399.3,7.9,411.6,7.5,421.9,6.5z\"\/>\n<\/svg>\t\t<\/div>\n\t\t\t\t\t<div class=\"elementor-container elementor-column-gap-default\">\n\t\t\t\t\t<div class=\"elementor-column elementor-col-100 elementor-top-column elementor-element elementor-element-538c7259\" data-id=\"538c7259\" data-element_type=\"column\" data-e-type=\"column\">\n\t\t\t<div class=\"elementor-widget-wrap elementor-element-populated\">\n\t\t\t\t\t\t<div class=\"elementor-element elementor-element-75b51e3e elementor-widget elementor-widget-heading\" data-id=\"75b51e3e\" data-element_type=\"widget\" data-e-type=\"widget\" data-widget_type=\"heading.default\">\n\t\t\t\t<div class=\"elementor-widget-container\">\n\t\t\t\t\t<h1 class=\"elementor-heading-title elementor-size-default\">Obt\u00e9n Ayuda de Expertos<\/h1>\t\t\t\t<\/div>\n\t\t\t\t<\/div>\n\t\t\t\t<div class=\"elementor-element elementor-element-6ee1ac1 elementor-widget elementor-widget-heading\" data-id=\"6ee1ac1\" data-element_type=\"widget\" data-e-type=\"widget\" data-widget_type=\"heading.default\">\n\t\t\t\t<div class=\"elementor-widget-container\">\n\t\t\t\t\t<h3 class=\"elementor-heading-title elementor-size-default\">Soporte Dedicado Enfocado en tu Satisfacci\u00f3n\n<\/h3>\t\t\t\t<\/div>\n\t\t\t\t<\/div>\n\t\t\t\t\t<\/div>\n\t\t<\/div>\n\t\t\t\t\t<\/div>\n\t\t<\/section>\n\t\t<div class=\"elementor-element elementor-element-24d9fa8 e-flex e-con-boxed e-con e-parent\" data-id=\"24d9fa8\" data-element_type=\"container\" data-e-type=\"container\">\n\t\t\t\t\t<div class=\"e-con-inner\">\n\t\t\t\t<div class=\"elementor-element elementor-element-89be54a elementor-widget elementor-widget-heading\" data-id=\"89be54a\" data-element_type=\"widget\" data-e-type=\"widget\" data-widget_type=\"heading.default\">\n\t\t\t\t<div class=\"elementor-widget-container\">\n\t\t\t\t\t<h2 class=\"elementor-heading-title elementor-size-default\">Tus Opciones de Soporte\n<\/h2>\t\t\t\t<\/div>\n\t\t\t\t<\/div>\n\t\t\t\t<div class=\"elementor-element elementor-element-6dc9f20 elementor-widget elementor-widget-heading\" data-id=\"6dc9f20\" data-element_type=\"widget\" data-e-type=\"widget\" data-widget_type=\"heading.default\">\n\t\t\t\t<div class=\"elementor-widget-container\">\n\t\t\t\t\t<h3 class=\"elementor-heading-title elementor-size-default\">Para Usuarios Gratuitos:\n<\/h3>\t\t\t\t<\/div>\n\t\t\t\t<\/div>\n\t\t\t\t<div class=\"elementor-element elementor-element-e6b1a07 elementor-widget elementor-widget-text-editor\" data-id=\"e6b1a07\" data-element_type=\"widget\" data-e-type=\"widget\" data-widget_type=\"text-editor.default\">\n\t\t\t\t<div class=\"elementor-widget-container\">\n\t\t\t\t\t\t\t\t\t<p><span style=\"font-weight: 400;\">Si est\u00e1s utilizando uno de nuestros plugins o extensiones gratuitos, el soporte est\u00e1 disponible a trav\u00e9s de los foros de la comunidad o en la p\u00e1gina de soporte dedicada de la aplicaci\u00f3n. Dado que nuestro equipo gestiona consultas de usuarios de todo el mundo, los tiempos de respuesta pueden variar y podr\u00eda tomar varios d\u00edas. Si hay un retraso, ten la seguridad de que te responderemos lo antes posible. Mientras tanto, te recomendamos explorar nuestra documentaci\u00f3n, tutoriales y preguntas frecuentes, donde se abordan muchos problemas y preguntas comunes.<\/span><\/p>\t\t\t\t\t\t\t\t<\/div>\n\t\t\t\t<\/div>\n\t\t\t\t<div class=\"elementor-element elementor-element-6c30712 elementor-widget elementor-widget-text-editor\" data-id=\"6c30712\" data-element_type=\"widget\" data-e-type=\"widget\" data-widget_type=\"text-editor.default\">\n\t\t\t\t<div class=\"elementor-widget-container\">\n\t\t\t\t\t\t\t\t\t<p><span style=\"font-weight: 400;\">\u00abPor favor, ten en cuenta que el soporte dedicado no est\u00e1 disponible para usuarios gratuitos, y podr\u00edan aplicarse cargos por servicios de soporte adicionales.\u00bb<\/span><\/p>\t\t\t\t\t\t\t\t<\/div>\n\t\t\t\t<\/div>\n\t\t\t\t<div class=\"elementor-element elementor-element-1787647 elementor-widget elementor-widget-heading\" data-id=\"1787647\" data-element_type=\"widget\" data-e-type=\"widget\" data-widget_type=\"heading.default\">\n\t\t\t\t<div class=\"elementor-widget-container\">\n\t\t\t\t\t<h3 class=\"elementor-heading-title elementor-size-default\">Para Usuarios Premium:\n<\/h3>\t\t\t\t<\/div>\n\t\t\t\t<\/div>\n\t\t\t\t<div class=\"elementor-element elementor-element-e8c8d14 elementor-widget elementor-widget-text-editor\" data-id=\"e8c8d14\" data-element_type=\"widget\" data-e-type=\"widget\" data-widget_type=\"text-editor.default\">\n\t\t\t\t<div class=\"elementor-widget-container\">\n\t\t\t\t\t\t\t\t\t<p><span style=\"font-weight: 400;\">Como cliente premium, tienes derecho a soporte dedicado por parte de nuestro equipo experimentado. Aunque nuestra extensa documentaci\u00f3n, tutoriales y preguntas frecuentes siempre est\u00e1n disponibles como referencia, entendemos que podr\u00edas necesitar asistencia personalizada. Si ese es el caso, no dudes en contactarnos directamente enviando el formulario a continuaci\u00f3n o enviando un correo electr\u00f3nico a support@smackcoders.com. Nuestro objetivo es responder a todas las consultas de usuarios premium dentro de 1 o 2 d\u00edas h\u00e1biles.<\/span><\/p>\t\t\t\t\t\t\t\t<\/div>\n\t\t\t\t<\/div>\n\t\t\t\t\t<\/div>\n\t\t\t\t<\/div>\n\t\t<div class=\"elementor-element elementor-element-0b407aa e-flex e-con-boxed e-con e-parent\" data-id=\"0b407aa\" data-element_type=\"container\" data-e-type=\"container\">\n\t\t\t\t\t<div class=\"e-con-inner\">\n\t\t\t\t<div class=\"elementor-element elementor-element-e25ad20 elementor-widget elementor-widget-heading\" data-id=\"e25ad20\" data-element_type=\"widget\" data-e-type=\"widget\" data-widget_type=\"heading.default\">\n\t\t\t\t<div class=\"elementor-widget-container\">\n\t\t\t\t\t<h2 class=\"elementor-heading-title elementor-size-default\">Explora Nuestras Gu\u00edas de Ayuda:\n<\/h2>\t\t\t\t<\/div>\n\t\t\t\t<\/div>\n\t\t\t\t<div class=\"elementor-element elementor-element-b153e9d elementor-widget elementor-widget-text-editor\" data-id=\"b153e9d\" data-element_type=\"widget\" data-e-type=\"widget\" data-widget_type=\"text-editor.default\">\n\t\t\t\t<div class=\"elementor-widget-container\">\n\t\t\t\t\t\t\t\t\t<ul><li><span style=\"font-weight: 400;\"><a href=\"https:\/\/www.smackcoders.com\/es\/documentation\/wp-ultimate-csv-importer-pro\">Plugins de WordPress<\/a>: Accede a gu\u00edas completas y tutoriales en video para mejorar tu experiencia con nuestros plugins de WordPress.<\/span><\/li><li>Integraciones de Vtiger CRM: Descubre instrucciones paso a paso y consejos para integrar sin problemas otras plataformas con Vtiger CRM.<\/li><li>Integraciones de SuiteCRM: Accede a recursos esenciales para integrar y utilizar eficazmente SuiteCRM con nuestras extensiones.<\/li><\/ul>\t\t\t\t\t\t\t\t<\/div>\n\t\t\t\t<\/div>\n\t\t\t\t\t<\/div>\n\t\t\t\t<\/div>\n\t\t<div data-dce-background-image-url=\"https:\/\/www.smackcoders.com\/wp-content\/uploads\/2023\/11\/Customer-Delight-Support.webp\" data-dce-background-overlay-image-url=\"https:\/\/www.smackcoders.com\/wp-content\/plugins\/elementor\/assets\/images\/placeholder.png\" class=\"elementor-element elementor-element-c74d398 e-flex e-con-boxed e-con e-parent\" data-id=\"c74d398\" data-element_type=\"container\" data-e-type=\"container\" data-settings=\"{&quot;background_background&quot;:&quot;classic&quot;}\">\n\t\t\t\t\t<div class=\"e-con-inner\">\n\t\t<div data-dce-background-color=\"#ffffff\" class=\"elementor-element elementor-element-b6a2247 e-con-full e-flex e-con e-child\" data-id=\"b6a2247\" data-element_type=\"container\" data-e-type=\"container\" data-settings=\"{&quot;background_background&quot;:&quot;classic&quot;,&quot;motion_fx_motion_fx_scrolling&quot;:&quot;yes&quot;,&quot;motion_fx_translateY_effect&quot;:&quot;yes&quot;,&quot;motion_fx_translateY_direction&quot;:&quot;negative&quot;,&quot;motion_fx_translateY_speed&quot;:{&quot;unit&quot;:&quot;px&quot;,&quot;size&quot;:&quot;1&quot;,&quot;sizes&quot;:[]},&quot;motion_fx_devices&quot;:[&quot;desktop&quot;,&quot;tablet&quot;],&quot;motion_fx_translateY_affectedRange&quot;:{&quot;unit&quot;:&quot;%&quot;,&quot;size&quot;:&quot;&quot;,&quot;sizes&quot;:{&quot;start&quot;:0,&quot;end&quot;:100}}}\">\n\t\t\t\t<div class=\"elementor-element elementor-element-9820027 elementor-widget elementor-widget-heading\" data-id=\"9820027\" data-element_type=\"widget\" data-e-type=\"widget\" data-widget_type=\"heading.default\">\n\t\t\t\t<div class=\"elementor-widget-container\">\n\t\t\t\t\t<h2 class=\"elementor-heading-title elementor-size-default\">Crea tu ticket<\/h2>\t\t\t\t<\/div>\n\t\t\t\t<\/div>\n\t\t<div class=\"elementor-element elementor-element-182cc4c e-con-full e-flex e-con e-child\" data-id=\"182cc4c\" data-element_type=\"container\" data-e-type=\"container\">\n\t\t<div class=\"elementor-element elementor-element-b67e052 e-con-full e-flex e-con e-child\" data-id=\"b67e052\" data-element_type=\"container\" data-e-type=\"container\">\n\t\t\t\t<div class=\"elementor-element elementor-element-bc4fada elementor-button-align-center elementor-widget elementor-widget-form\" data-id=\"bc4fada\" data-element_type=\"widget\" data-e-type=\"widget\" data-settings=\"{&quot;step_next_label&quot;:&quot;Next&quot;,&quot;step_previous_label&quot;:&quot;Previous&quot;,&quot;button_width&quot;:&quot;100&quot;,&quot;dce_confirm_dialog_enabled&quot;:&quot;no&quot;,&quot;step_type&quot;:&quot;number_text&quot;,&quot;step_icon_shape&quot;:&quot;circle&quot;,&quot;label_icon_size&quot;:{&quot;unit&quot;:&quot;px&quot;,&quot;size&quot;:&quot;&quot;,&quot;sizes&quot;:[]},&quot;field_icon_size&quot;:{&quot;unit&quot;:&quot;px&quot;,&quot;size&quot;:&quot;&quot;,&quot;sizes&quot;:[]}}\" data-widget_type=\"form.default\">\n\t\t\t\t<div class=\"elementor-widget-container\">\n\t\t\t\t\t\t\t<form class=\"elementor-form\" method=\"post\" name=\"New Form\" aria-label=\"New Form\">\n\t\t\t<input type=\"hidden\" name=\"post_id\" value=\"334752096\"\/>\n\t\t\t<input type=\"hidden\" name=\"form_id\" value=\"bc4fada\"\/>\n\t\t\t<input type=\"hidden\" name=\"referer_title\" value=\"\" \/>\n\n\t\t\t\n\t\t\t<div class=\"elementor-form-fields-wrapper elementor-labels-above\">\n\t\t\t\t\t\t\t\t<div class=\"elementor-field-type-email elementor-field-group elementor-column elementor-field-group-field_1 elementor-col-100 elementor-field-required elementor-mark-required\">\n\t\t\t\t\t\t\t\t\t\t\t\t<label for=\"form-field-field_1\" class=\"elementor-field-label\">\n\t\t\t\t\t\t\t\tCorreo electr\u00f3nico\t\t\t\t\t\t\t<\/label>\n\t\t\t\t\t\t\t\t\t\t\t\t\t\t<input size=\"1\" type=\"email\" name=\"form_fields[field_1]\" id=\"form-field-field_1\" class=\"elementor-field elementor-size-md  elementor-field-textual\" required=\"required\">\n\t\t\t\t\t\t\t\t\t\t\t<\/div>\n\t\t\t\t\t\t\t\t<div class=\"elementor-field-type-select elementor-field-group elementor-column elementor-field-group-field_2 elementor-col-100 elementor-field-required elementor-mark-required\">\n\t\t\t\t\t\t\t\t\t\t\t\t<label for=\"form-field-field_2\" class=\"elementor-field-label\">\n\t\t\t\t\t\t\t\tLista de selecci\u00f3n\t\t\t\t\t\t\t<\/label>\n\t\t\t\t\t\t\t\t<div class=\"elementor-field elementor-select-wrapper remove-before \">\n\t\t\t<div class=\"select-caret-down-wrapper\">\n\t\t\t\t<svg aria-hidden=\"true\" class=\"e-font-icon-svg e-eicon-caret-down\" viewBox=\"0 0 571.4 571.4\" xmlns=\"http:\/\/www.w3.org\/2000\/svg\"><path d=\"M571 393Q571 407 561 418L311 668Q300 679 286 679T261 668L11 418Q0 407 0 393T11 368 36 357H536Q550 357 561 368T571 393Z\"><\/path><\/svg>\t\t\t<\/div>\n\t\t\t<select name=\"form_fields[field_2]\" id=\"form-field-field_2\" class=\"elementor-field-textual elementor-size-md\" required=\"required\">\n\t\t\t\t\t\t\t\t\t<option value=\"WordPress Ultimate CSV Importer Pro\">WordPress Ultimate CSV Importer Pro<\/option>\n\t\t\t\t\t\t\t\t\t<option value=\"WP Lead Builder para CRM\">WP Lead Builder para CRM<\/option>\n\t\t\t\t\t\t\t\t\t<option value=\"Integraci\u00f3n de Zoho CRM QuickBooks\">Integraci\u00f3n de Zoho CRM QuickBooks<\/option>\n\t\t\t\t\t\t\t\t\t<option value=\"Extensi\u00f3n de Mailchimp para Zoho CRM\">Extensi\u00f3n de Mailchimp para Zoho CRM<\/option>\n\t\t\t\t\t\t\t\t\t<option value=\"Integraci\u00f3n bidireccional de Xero para Zoho CRM\">Integraci\u00f3n bidireccional de Xero para Zoho CRM<\/option>\n\t\t\t\t\t\t\t\t\t<option value=\"Integraci\u00f3n de Trello para Zoho CRM\">Integraci\u00f3n de Trello para Zoho CRM<\/option>\n\t\t\t\t\t\t\t\t\t<option value=\"Integraci\u00f3n de Vtiger MailChimp\">Integraci\u00f3n de Vtiger MailChimp<\/option>\n\t\t\t\t\t\t\t\t\t<option value=\"Vtiger Sincronizaci\u00f3n de Google Calendar\">Vtiger Sincronizaci\u00f3n de Google Calendar<\/option>\n\t\t\t\t\t\t\t\t\t<option value=\"Integraci\u00f3n de Xero Vtiger CRM 6.0\">Integraci\u00f3n de Xero Vtiger CRM 6.0<\/option>\n\t\t\t\t\t\t\t\t\t<option value=\"Soluci\u00f3n de n\u00f3mina de gesti\u00f3n de recursos humanos de Vtiger\">Soluci\u00f3n de n\u00f3mina de gesti\u00f3n de recursos humanos de Vtiger<\/option>\n\t\t\t\t\t\t\t\t\t<option value=\"Integraci\u00f3n de VtigerCRM QuickBooks\">Integraci\u00f3n de VtigerCRM QuickBooks<\/option>\n\t\t\t\t\t\t\t\t\t<option value=\"Fusi\u00f3n de duplicados inteligentes de Vtiger\">Fusi\u00f3n de duplicados inteligentes de Vtiger<\/option>\n\t\t\t\t\t\t\t\t\t<option value=\"Cheque duplicado de Vtiger\">Cheque duplicado de Vtiger<\/option>\n\t\t\t\t\t\t\t\t\t<option value=\"B\u00fasqueda de direcciones\">B\u00fasqueda de direcciones<\/option>\n\t\t\t\t\t\t\t\t\t<option value=\"Lista de verificaci\u00f3n inteligente\">Lista de verificaci\u00f3n inteligente<\/option>\n\t\t\t\t\t\t\t\t\t<option value=\"M\u00f3dulo de personalizaci\u00f3n de la p\u00e1gina de inicio de sesi\u00f3n de Vtiger 6\">M\u00f3dulo de personalizaci\u00f3n de la p\u00e1gina de inicio de sesi\u00f3n de Vtiger 6<\/option>\n\t\t\t\t\t\t\t\t\t<option value=\"Sincronizaci\u00f3n bidireccional de Magento Vtiger\">Sincronizaci\u00f3n bidireccional de Magento Vtiger<\/option>\n\t\t\t\t\t\t\t\t\t<option value=\"Integraci\u00f3n de CRM de QuickBooks Suite\">Integraci\u00f3n de CRM de QuickBooks Suite<\/option>\n\t\t\t\t\t\t\t\t\t<option value=\"Personalizador de correo electr\u00f3nico para WooCommerce\">Personalizador de correo electr\u00f3nico para WooCommerce<\/option>\n\t\t\t\t\t\t\t<\/select>\n\t\t<\/div>\n\t\t\t\t\t\t<\/div>\n\t\t\t\t\t\t\t\t<div class=\"elementor-field-type-textarea elementor-field-group elementor-column elementor-field-group-message elementor-col-100 elementor-field-required elementor-mark-required\">\n\t\t\t\t\t\t\t\t\t\t\t\t<label for=\"form-field-message\" class=\"elementor-field-label\">\n\t\t\t\t\t\t\t\tDetalles\t\t\t\t\t\t\t<\/label>\n\t\t\t\t\t\t<textarea class=\"elementor-field-textual elementor-field  elementor-size-md\" name=\"form_fields[message]\" id=\"form-field-message\" rows=\"4\" required=\"required\"><\/textarea>\t\t\t\t<\/div>\n\t\t\t\t\t\t\t\t<div class=\"elementor-field-type-recaptcha elementor-field-group elementor-column elementor-field-group-field_e6da1a2 elementor-col-100\">\n\t\t\t\t\t<div class=\"elementor-field\" id=\"form-field-field_e6da1a2\"><div class=\"elementor-g-recaptcha\" data-sitekey=\"6LcBi1saAAAAADB73fkjBaxpZqyTueE6jIyMEjAA\" data-type=\"v2_checkbox\" data-theme=\"light\" data-size=\"normal\"><\/div><\/div>\t\t\t\t<\/div>\n\t\t\t\t\t\t\t\t<div class=\"elementor-field-group elementor-column elementor-field-type-submit elementor-col-100 e-form__buttons\">\n\t\t\t\t\t<button class=\"elementor-button elementor-size-md\" type=\"submit\">\n\t\t\t\t\t\t<span class=\"elementor-button-content-wrapper\">\n\t\t\t\t\t\t\t\t\t\t\t\t\t\t\t<span class=\"elementor-button-icon\">\n\t\t\t\t\t\t\t\t\t<svg aria-hidden=\"true\" class=\"e-font-icon-svg e-fas-arrow-right\" viewBox=\"0 0 448 512\" xmlns=\"http:\/\/www.w3.org\/2000\/svg\"><path d=\"M190.5 66.9l22.2-22.2c9.4-9.4 24.6-9.4 33.9 0L441 239c9.4 9.4 9.4 24.6 0 33.9L246.6 467.3c-9.4 9.4-24.6 9.4-33.9 0l-22.2-22.2c-9.5-9.5-9.3-25 .4-34.3L311.4 296H24c-13.3 0-24-10.7-24-24v-32c0-13.3 10.7-24 24-24h287.4L190.9 101.2c-9.8-9.3-10-24.8-.4-34.3z\"><\/path><\/svg>\t\t\t\t\t\t\t\t\t\t\t\t\t\t\t\t\t<\/span>\n\t\t\t\t\t\t\t\t\t\t\t\t\t\t\t\t\t\t\t\t\t\t<span class=\"elementor-button-text\">Crear ticket<\/span>\n\t\t\t\t\t\t\t\t\t\t\t\t\t<\/span>\n\t\t\t\t\t<\/button>\n\t\t\t\t<\/div>\n\t\t\t<\/div>\n\t\t<\/form>\n\t\t\t\t\t\t<\/div>\n\t\t\t\t<\/div>\n\t\t\t\t<\/div>\n\t\t\t\t<\/div>\n\t\t\t\t<\/div>\n\t\t\t\t\t<\/div>\n\t\t\t\t<\/div>\n\t\t\t\t<\/div>\n\t\t","protected":false},"excerpt":{"rendered":"<p>Obt\u00e9n Ayuda de Expertos Soporte Dedicado Enfocado en tu Satisfacci\u00f3n Tus Opciones de Soporte Para Usuarios Gratuitos: Si est\u00e1s utilizando uno de nuestros plugins o extensiones gratuitos, el soporte est\u00e1 disponible a trav\u00e9s de los foros de la comunidad o en la p\u00e1gina de soporte dedicada de la aplicaci\u00f3n. Dado que nuestro equipo gestiona consultas [&hellip;]<\/p>\n","protected":false},"author":1,"featured_media":0,"parent":0,"menu_order":0,"comment_status":"closed","ping_status":"closed","template":"","meta":{"_acf_changed":false,"_monsterinsights_skip_tracking":false,"_monsterinsights_sitenote_active":false,"_monsterinsights_sitenote_note":"","_monsterinsights_sitenote_category":0,"footnotes":""},"custom_category":[],"class_list":["post-334752096","page","type-page","status-publish","hentry"],"acf":[],"_links":{"self":[{"href":"https:\/\/www.smackcoders.com\/es\/wp-json\/wp\/v2\/pages\/334752096","targetHints":{"allow":["GET"]}}],"collection":[{"href":"https:\/\/www.smackcoders.com\/es\/wp-json\/wp\/v2\/pages"}],"about":[{"href":"https:\/\/www.smackcoders.com\/es\/wp-json\/wp\/v2\/types\/page"}],"author":[{"embeddable":true,"href":"https:\/\/www.smackcoders.com\/es\/wp-json\/wp\/v2\/users\/1"}],"replies":[{"embeddable":true,"href":"https:\/\/www.smackcoders.com\/es\/wp-json\/wp\/v2\/comments?post=334752096"}],"version-history":[{"count":12,"href":"https:\/\/www.smackcoders.com\/es\/wp-json\/wp\/v2\/pages\/334752096\/revisions"}],"predecessor-version":[{"id":334771718,"href":"https:\/\/www.smackcoders.com\/es\/wp-json\/wp\/v2\/pages\/334752096\/revisions\/334771718"}],"wp:attachment":[{"href":"https:\/\/www.smackcoders.com\/es\/wp-json\/wp\/v2\/media?parent=334752096"}],"wp:term":[{"taxonomy":"custom_category","embeddable":true,"href":"https:\/\/www.smackcoders.com\/es\/wp-json\/wp\/v2\/custom_category?post=334752096"}],"curies":[{"name":"wp","href":"https:\/\/api.w.org\/{rel}","templated":true}]}}